{"id":796,"date":"2025-11-10T16:46:17","date_gmt":"2025-11-10T16:46:17","guid":{"rendered":"https:\/\/caise26.polimi.it\/?page_id=796"},"modified":"2025-12-07T21:15:30","modified_gmt":"2025-12-07T21:15:30","slug":"program-committees","status":"publish","type":"page","link":"https:\/\/caise26.polimi.it\/?page_id=796","title":{"rendered":"Program Committees"},"content":{"rendered":"\t\t<div data-elementor-type=\"wp-page\" data-elementor-id=\"796\" class=\"elementor elementor-796\">\n\t\t\t\t<div class=\"elementor-element elementor-element-7fbd7fc e-con-full e-flex e-con e-parent\" data-id=\"7fbd7fc\" data-element_type=\"container\" data-e-type=\"container\">\n\t\t\t\t<div class=\"elementor-element elementor-element-fb68aae elementor-widget elementor-widget-image\" data-id=\"fb68aae\" data-element_type=\"widget\" data-e-type=\"widget\" data-widget_type=\"image.default\">\n\t\t\t\t<div class=\"elementor-widget-container\">\n\t\t\t\t\t\t\t\t\t\t\t\t\t\t\t<img fetchpriority=\"high\" decoding=\"async\" width=\"2560\" height=\"400\" src=\"https:\/\/caise26.polimi.it\/wp-content\/uploads\/2025\/10\/committee.jpg\" class=\"attachment-full size-full wp-image-598\" alt=\"\" srcset=\"https:\/\/caise26.polimi.it\/wp-content\/uploads\/2025\/10\/committee.jpg 2560w, https:\/\/caise26.polimi.it\/wp-content\/uploads\/2025\/10\/committee-300x47.jpg 300w, https:\/\/caise26.polimi.it\/wp-content\/uploads\/2025\/10\/committee-1024x160.jpg 1024w, https:\/\/caise26.polimi.it\/wp-content\/uploads\/2025\/10\/committee-768x120.jpg 768w, https:\/\/caise26.polimi.it\/wp-content\/uploads\/2025\/10\/committee-1536x240.jpg 1536w, https:\/\/caise26.polimi.it\/wp-content\/uploads\/2025\/10\/committee-2048x320.jpg 2048w\" sizes=\"(max-width: 2560px) 100vw, 2560px\" \/>\t\t\t\t\t\t\t\t\t\t\t\t\t\t\t<\/div>\n\t\t\t\t<\/div>\n\t\t\t\t<\/div>\n\t\t<div class=\"elementor-element elementor-element-f37ce55 e-flex e-con-boxed e-con e-parent\" data-id=\"f37ce55\" data-element_type=\"container\" data-e-type=\"container\">\n\t\t\t\t\t<div class=\"e-con-inner\">\n\t\t\t\t<div class=\"elementor-element elementor-element-e307789 elementor-widget elementor-widget-spacer\" data-id=\"e307789\" data-element_type=\"widget\" data-e-type=\"widget\" data-widget_type=\"spacer.default\">\n\t\t\t\t<div class=\"elementor-widget-container\">\n\t\t\t\t\t\t\t<div class=\"elementor-spacer\">\n\t\t\t<div class=\"elementor-spacer-inner\"><\/div>\n\t\t<\/div>\n\t\t\t\t\t\t<\/div>\n\t\t\t\t<\/div>\n\t\t\t\t<div class=\"elementor-element elementor-element-770c7f3 elementor-widget elementor-widget-heading\" data-id=\"770c7f3\" data-element_type=\"widget\" data-e-type=\"widget\" data-widget_type=\"heading.default\">\n\t\t\t\t<div class=\"elementor-widget-container\">\n\t\t\t\t\t<h2 class=\"elementor-heading-title elementor-size-default\">Program Committees<\/h2>\t\t\t\t<\/div>\n\t\t\t\t<\/div>\n\t\t\t\t<div class=\"elementor-element elementor-element-9652490 elementor-widget elementor-widget-menu-anchor\" data-id=\"9652490\" data-element_type=\"widget\" data-e-type=\"widget\" data-widget_type=\"menu-anchor.default\">\n\t\t\t\t<div class=\"elementor-widget-container\">\n\t\t\t\t\t\t\t<div class=\"elementor-menu-anchor\" id=\"Chairs\"><\/div>\n\t\t\t\t\t\t<\/div>\n\t\t\t\t<\/div>\n\t\t\t\t\t<\/div>\n\t\t\t\t<\/div>\n\t\t<div class=\"elementor-element elementor-element-d8390de e-flex e-con-boxed e-con e-parent\" data-id=\"d8390de\" data-element_type=\"container\" data-e-type=\"container\">\n\t\t\t\t\t<div class=\"e-con-inner\">\n\t\t\t\t<div class=\"elementor-element elementor-element-2f806ea elementor-widget-divider--view-line elementor-widget elementor-widget-divider\" data-id=\"2f806ea\" data-element_type=\"widget\" data-e-type=\"widget\" data-widget_type=\"divider.default\">\n\t\t\t\t<div class=\"elementor-widget-container\">\n\t\t\t\t\t\t\t<div class=\"elementor-divider\">\n\t\t\t<span class=\"elementor-divider-separator\">\n\t\t\t\t\t\t<\/span>\n\t\t<\/div>\n\t\t\t\t\t\t<\/div>\n\t\t\t\t<\/div>\n\t\t\t\t\t<\/div>\n\t\t\t\t<\/div>\n\t\t<div class=\"elementor-element elementor-element-3b24e35 e-flex e-con-boxed e-con e-parent\" data-id=\"3b24e35\" data-element_type=\"container\" data-e-type=\"container\">\n\t\t\t\t\t<div class=\"e-con-inner\">\n\t\t\t\t<div class=\"elementor-element elementor-element-af63d0d elementor-widget elementor-widget-heading\" data-id=\"af63d0d\" data-element_type=\"widget\" data-e-type=\"widget\" data-widget_type=\"heading.default\">\n\t\t\t\t<div class=\"elementor-widget-container\">\n\t\t\t\t\t<h3 class=\"elementor-heading-title elementor-size-default\">Program Chairs<\/h3>\t\t\t\t<\/div>\n\t\t\t\t<\/div>\n\t\t\t\t<div class=\"elementor-element elementor-element-b39d5d0 elementor-widget elementor-widget-text-editor\" data-id=\"b39d5d0\" data-element_type=\"widget\" data-e-type=\"widget\" data-widget_type=\"text-editor.default\">\n\t\t\t\t<div class=\"elementor-widget-container\">\n\t\t\t\t\t\t\t\t\t<p>Lidia Fuentes &#8211; University of M\u00e1laga Spain<\/p><p>Pierluigi Plebani &#8211; Politecnico di Milano (Italy)<\/p>\t\t\t\t\t\t\t\t<\/div>\n\t\t\t\t<\/div>\n\t\t\t\t<div class=\"elementor-element elementor-element-87255f2 elementor-widget-divider--view-line elementor-widget elementor-widget-divider\" data-id=\"87255f2\" data-element_type=\"widget\" data-e-type=\"widget\" data-widget_type=\"divider.default\">\n\t\t\t\t<div class=\"elementor-widget-container\">\n\t\t\t\t\t\t\t<div class=\"elementor-divider\">\n\t\t\t<span class=\"elementor-divider-separator\">\n\t\t\t\t\t\t<\/span>\n\t\t<\/div>\n\t\t\t\t\t\t<\/div>\n\t\t\t\t<\/div>\n\t\t\t\t\t<\/div>\n\t\t\t\t<\/div>\n\t\t<div class=\"elementor-element elementor-element-c8afd8c e-flex e-con-boxed e-con e-parent\" data-id=\"c8afd8c\" data-element_type=\"container\" data-e-type=\"container\">\n\t\t\t\t\t<div class=\"e-con-inner\">\n\t\t\t\t<div class=\"elementor-element elementor-element-703a7dd elementor-widget elementor-widget-heading\" data-id=\"703a7dd\" data-element_type=\"widget\" data-e-type=\"widget\" data-widget_type=\"heading.default\">\n\t\t\t\t<div class=\"elementor-widget-container\">\n\t\t\t\t\t<h3 class=\"elementor-heading-title elementor-size-default\">Program Board members<\/h3>\t\t\t\t<\/div>\n\t\t\t\t<\/div>\n\t\t\t\t<div class=\"elementor-element elementor-element-e2cc4b6 elementor-widget elementor-widget-text-editor\" data-id=\"e2cc4b6\" data-element_type=\"widget\" data-e-type=\"widget\" data-widget_type=\"text-editor.default\">\n\t\t\t\t<div class=\"elementor-widget-container\">\n\t\t\t\t\t\t\t\t\t<p style=\"font-weight: 400;\">Jo\u00e3o Paulo Almeida &#8211; Federal University of Esp\u00edrito Santo (Brasil)<\/p><p style=\"font-weight: 400;\">Johann Eder &#8211; Alpen Adria Universit\u00e4t Klagenfurt (Austria)<\/p><p style=\"font-weight: 400;\">Xavier Franch &#8211; Universitat Polit\u00e8cnica de Catalunya (Spain)<\/p><p style=\"font-weight: 400;\">Giancarlo Guizzardi &#8211; University of Twente, The Netherlands (The Netherlands)<\/p><p style=\"font-weight: 400;\">Renata Guizzardi &#8211; University of Twente (The Netherlands)<\/p><p style=\"font-weight: 400;\">Marta Indulska &#8211; The University of Queensland (Australia)<\/p><p style=\"font-weight: 400;\">John Krogstie &#8211; Norwegian University of Science and Technology (Norway)<\/p><p style=\"font-weight: 400;\">Massimo Mecella &#8211; Sapienza Universit\u00e0 di Roma (Italy)<\/p><p style=\"font-weight: 400;\">Selmin Nurcan &#8211; Universit\u00e9 Paris 1 Panth\u00e9on &#8211; Sorbonne (France)<\/p><p style=\"font-weight: 400;\">Oscar Pastor &#8211; Universidad Polit\u00e9cnica de Valencia (Spain)<\/p><p style=\"font-weight: 400;\">Barbara Pernici &#8211; Politecnico di Milano, Italy (Ita)<\/p><p style=\"font-weight: 400;\">Geert Poels &#8211; Ghent University (Belgium)<\/p><p style=\"font-weight: 400;\">Henderik A. Proper &#8211; Technical University of Wien (Austria)<\/p><p style=\"font-weight: 400;\">Jolita Ralyt\u00e9 &#8211; University of Geneva (Switzerland)<\/p><p style=\"font-weight: 400;\">Manfred Reichert &#8211; University of Ulm (Germany)<\/p><p style=\"font-weight: 400;\">Iris Reinhartz-Berger &#8211; University of Haifa (Israel)<\/p><p style=\"font-weight: 400;\">Marcela Ruiz &#8211; Zurich University of Applied Sciences (Switzerland)<\/p><p style=\"font-weight: 400;\">Flavia Santoro &#8211; UERJ (Brasil)<\/p><p style=\"font-weight: 400;\">Maribel Yasmina Santos &#8211; University of Minho (Portugal)<\/p><p style=\"font-weight: 400;\">Monique Snoeck &#8211; Research Center for Information Systems Engineering, KU Leuven (Belgium)<\/p><p style=\"font-weight: 400;\">Pnina Soffer &#8211; University of Haifa (Israel)<\/p><p style=\"font-weight: 400;\">Janis Stirna &#8211; Stockholm University (Sweden)<\/p><p style=\"font-weight: 400;\">Arnon Sturm &#8211; Ben-Gurion University (Israel)<\/p><p style=\"font-weight: 400;\">Barbara Weber &#8211; University of St. Gallen (Switzerland)<\/p><p style=\"font-weight: 400;\">Mathias Weske &#8211; HPI, University of Potsdam (Germany)<\/p><p style=\"font-weight: 400;\">Jelena Zdravkovic &#8211; Stockholm University (Sweden)<\/p>\t\t\t\t\t\t\t\t<\/div>\n\t\t\t\t<\/div>\n\t\t\t\t\t<\/div>\n\t\t\t\t<\/div>\n\t\t<div class=\"elementor-element elementor-element-5b87db3 e-flex e-con-boxed e-con e-parent\" data-id=\"5b87db3\" data-element_type=\"container\" data-e-type=\"container\">\n\t\t\t\t\t<div class=\"e-con-inner\">\n\t\t\t\t<div class=\"elementor-element elementor-element-936b8f2 elementor-widget-divider--view-line elementor-widget elementor-widget-divider\" data-id=\"936b8f2\" data-element_type=\"widget\" data-e-type=\"widget\" data-widget_type=\"divider.default\">\n\t\t\t\t<div class=\"elementor-widget-container\">\n\t\t\t\t\t\t\t<div class=\"elementor-divider\">\n\t\t\t<span class=\"elementor-divider-separator\">\n\t\t\t\t\t\t<\/span>\n\t\t<\/div>\n\t\t\t\t\t\t<\/div>\n\t\t\t\t<\/div>\n\t\t\t\t\t<\/div>\n\t\t\t\t<\/div>\n\t\t<div class=\"elementor-element elementor-element-5c053a0 e-flex e-con-boxed e-con e-parent\" data-id=\"5c053a0\" data-element_type=\"container\" data-e-type=\"container\">\n\t\t\t\t\t<div class=\"e-con-inner\">\n\t\t\t\t<div class=\"elementor-element elementor-element-08b05cb elementor-widget elementor-widget-heading\" data-id=\"08b05cb\" data-element_type=\"widget\" data-e-type=\"widget\" data-widget_type=\"heading.default\">\n\t\t\t\t<div class=\"elementor-widget-container\">\n\t\t\t\t\t<h3 class=\"elementor-heading-title elementor-size-default\">Program Committee members<\/h3>\t\t\t\t<\/div>\n\t\t\t\t<\/div>\n\t\t\t\t<div class=\"elementor-element elementor-element-0a83a74 elementor-widget elementor-widget-text-editor\" data-id=\"0a83a74\" data-element_type=\"widget\" data-e-type=\"widget\" data-widget_type=\"text-editor.default\">\n\t\t\t\t<div class=\"elementor-widget-container\">\n\t\t\t\t\t\t\t\t\t<p style=\"font-weight: 400;\">Jo\u00e3o Ara\u00fajo &#8211; Universidade NOVA de Lisboa (Portugal)<\/p><p style=\"font-weight: 400;\">Sa\u00efd Assar &#8211; Institut Mines Telecom Business School (France)<\/p><p style=\"font-weight: 400;\">Fernanda Bai\u00e3o &#8211; PUC-Rio (Brasil)<\/p><p style=\"font-weight: 400;\">Boualem Benatallah &#8211; School of Computing, Dublin City University, Ireland (Ireland)<\/p><p style=\"font-weight: 400;\">David Benavides &#8211; Universidad de Sevilla (Spain)<\/p><p style=\"font-weight: 400;\">Anna Bernasconi &#8211; Politecnico di Milano (Italy)<\/p><p style=\"font-weight: 400;\">Devis Bianchini &#8211; University of Brescia (Italy)<\/p><p style=\"font-weight: 400;\">Stefan Biffl &#8211; Technical University of Wien (Austria)<\/p><p style=\"font-weight: 400;\">Dominik Bork &#8211; TU Wien (Austria)<\/p><p style=\"font-weight: 400;\">Jan Bosch &#8211; Chalmers University Of Technology (Sweden)<\/p><p style=\"font-weight: 400;\">Andrea Burattin &#8211; Technical University of Denmark (Denmark)<\/p><p style=\"font-weight: 400;\">Corentin Burnay &#8211; University of Namur (Belgium)<\/p><p style=\"font-weight: 400;\">Jean-Paul Calbimonte &#8211; University of Applied Sciences and Art Western Switzerland HES-SO Valais-Wallis (Switzerland)<\/p><p style=\"font-weight: 400;\">Cinzia Cappiello &#8211; Politecnico di Milano (Italy)<\/p><p style=\"font-weight: 400;\">Samira Cherfi &#8211; Conservatoire National des Arts et M\u00e9tiers (France)<\/p><p style=\"font-weight: 400;\">Fabiano Dalpiaz &#8211; University of Utrecht (The Netherlands)<\/p><p style=\"font-weight: 400;\">Istvan David &#8211; McMaster University (Canada)<\/p><p style=\"font-weight: 400;\">Massimiliano de Leoni &#8211; Department of Mathematics &#8211; University of Padua (Italy)<\/p><p style=\"font-weight: 400;\">Francesca De Luzi &#8211; Sapienza Universit\u00e0 di Roma (Italy)<\/p><p style=\"font-weight: 400;\">Johannes De Smedt &#8211; KU Leuven (Belgium)<\/p><p style=\"font-weight: 400;\">Adela del R\u00edo Ortega &#8211; University of Seville (Spain)<\/p><p style=\"font-weight: 400;\">Claudio Di Ciccio &#8211; Utrecht University (The Netherlands)<\/p><p style=\"font-weight: 400;\">Chiara Di Francescomarino &#8211; DISI &#8211; University of Trento (Italy)<\/p><p style=\"font-weight: 400;\">Oscar Diaz &#8211; University of the Basque Country (Spain)<\/p><p style=\"font-weight: 400;\">Schahram Dustdar &#8211; Vienna University of Technology (Austria)<\/p><p style=\"font-weight: 400;\">Marcelo Fantinato &#8211; University of S\u00e3o Paulo (Brasil)<\/p><p style=\"font-weight: 400;\">Alexander Felfernig &#8211; TU Graz (Austria)<\/p><p style=\"font-weight: 400;\">Lu\u00eds Ferreira Pires &#8211; University of Twente (The Netherlands)<\/p><p style=\"font-weight: 400;\">Peter Fettke &#8211; German Research Center for Artificial Inteilligence (DFKI) and Saarland University (Germany)<\/p><p style=\"font-weight: 400;\">Hans-Georg Fill &#8211; University of Fribourg (Switzerland)<\/p><p style=\"font-weight: 400;\">Sophie Fortz &#8211; King\u2019s College London (United Kingdom) (UK)<\/p><p style=\"font-weight: 400;\">Mattia Fumagalli &#8211; University of Bozen-Bolzano (Italy)<\/p><p style=\"font-weight: 400;\">Barbara Gallina &#8211; M\u00e4lardalen University (Sweden)<\/p><p style=\"font-weight: 400;\">Miguel Goul\u00e3o &#8211; Universidade Nova de Lisboa (Portugal)<\/p><p style=\"font-weight: 400;\">Shang Gao &#8211; \u00d6rebro University (Sweden)<\/p><p style=\"font-weight: 400;\">Alessandro Gianola &#8211; INESC-ID\/Instituto Superior T\u00e9cnico, Universidade de Lisboa (Portugal)<\/p><p style=\"font-weight: 400;\">Paolo Giorgini &#8211; University of Trento (Italy)<\/p><p style=\"font-weight: 400;\">Maria Teresa G\u00f3mez L\u00f3pez &#8211; University of Seville (Spain)<\/p><p style=\"font-weight: 400;\">Jaap Gordijn &#8211; Vrije Universiteit Amsterdam (The Netherlands)<\/p><p style=\"font-weight: 400;\">J\u0101nis Grabis &#8211; Riga Technical University (Latvia)<\/p><p style=\"font-weight: 400;\">Paul Grefen &#8211; Eindhoven University of Technology (The Netherlands)<\/p><p style=\"font-weight: 400;\">Sandra Greiner &#8211; University of South Denmark (Denmark)<\/p><p style=\"font-weight: 400;\">Georg Grossmann &#8211; University of South Australia (Australia)<\/p><p style=\"font-weight: 400;\">Simon Hacks &#8211; Stockholm University (Sweden)<\/p><p style=\"font-weight: 400;\">Martin Henkel &#8211; Stockholm University (Sweden)<\/p><p style=\"font-weight: 400;\">Stijn Hoppenbrouwers &#8211; HAN University of Applied Sciences (The Netherlands)<\/p><p style=\"font-weight: 400;\">Manfred Jeusfeld &#8211; University of Sk\u00f6vde, School of Informatics (IIT) (Sweden)<\/p><p style=\"font-weight: 400;\">Paul Johannesson &#8211; Stockholm University (Sweden)<\/p><p>Christos Kalloniatis &#8211; University of the Aegean (Greece)<\/p><p>Ashwin Viswanathan Kannan &#8211; Oklahoma State University (USA)<\/p><p style=\"font-weight: 400;\">Dimka Karastoyanova &#8211; University of Groeningen (The Netherlands)<\/p><p style=\"font-weight: 400;\">Giacomo Inches &#8211; SUPSI (Switzerland)<\/p><p style=\"font-weight: 400;\">Emanuele Laurenzi &#8211; FHNW (Switzerland)<\/p><p style=\"font-weight: 400;\">Sander J.J. Leemans &#8211; RWTH Aachen (Germany)<\/p><p style=\"font-weight: 400;\">Julio Cesar Leite &#8211; UFBA (Brasil)<\/p><p style=\"font-weight: 400;\">Henrik Leopold &#8211; K\u00fchne Logistics University (Austria)<\/p><p style=\"font-weight: 400;\">Francesco Leotta &#8211; Sapienza Universit\u00e0 di Roma (Italy)<\/p><p style=\"font-weight: 400;\">Tong Li &#8211; Beijing University of Technology (China)<\/p><p style=\"font-weight: 400;\">Claudenir M. Fonseca &#8211; University of Twente (The Netherlands)<\/p><p style=\"font-weight: 400;\">Fabrizio Maria Maggi &#8211; Free University of Bozen-Bolzano (Italy)<\/p><p style=\"font-weight: 400;\">Andrea Marrella &#8211; Sapienza University of Rome (Italy)<\/p><p style=\"font-weight: 400;\">Raimundas Matulevicius &#8211; University of Tartu (Estonia)<\/p><p style=\"font-weight: 400;\">Giovanni Meroni &#8211; Technical University of Denmark (Denmark)<\/p><p style=\"font-weight: 400;\">Haralambos Mouratidis &#8211; University of Essex (UK)<\/p><p style=\"font-weight: 400;\">Elena Navarro &#8211; University of Castilla-La Mancha (Spain)<\/p><p style=\"font-weight: 400;\">Ismael Navas &#8211; Universidad de M\u00e1laga (Spain)<\/p><p style=\"font-weight: 400;\">Andreas L Opdahl &#8211; University of Bergen (Norway)<\/p><p style=\"font-weight: 400;\">Sobah Abbas Petersen &#8211; Norwegian University of Science and Technology (Norway)<\/p><p style=\"font-weight: 400;\">Artem Polyvyanyy &#8211; The University of Melbourne (Australia)<\/p><p style=\"font-weight: 400;\">Tiago Prince Sales &#8211; University of Twente (The Netherlands)<\/p><p style=\"font-weight: 400;\">Luise Pufhal &#8211; Technical University of Munich (Germany)<\/p><p style=\"font-weight: 400;\">Rick Rabiser &#8211; LIT CPS, Johannes Kepler University Linz Austria (Austria)<\/p><p style=\"font-weight: 400;\">Barbara Re &#8211; Universit\u00e0 di Camerino (Italy)<\/p><p style=\"font-weight: 400;\">Manuel Resinas &#8211; University of Seville (Spain)<\/p><p style=\"font-weight: 400;\">Andrey Rivkin &#8211; Technical University of Denmark (Denmark)<\/p><p style=\"font-weight: 400;\">Michael Rosemann &#8211; Queenslad University of Technology (Australia)<\/p><p style=\"font-weight: 400;\">Antonio Ruiz-Cort\u00e9s &#8211; University of Seville (Spain)<\/p><p style=\"font-weight: 400;\">Sareh Sadeghianasl &#8211; Queenslad University of Technology (Australia)<\/p><p style=\"font-weight: 400;\">Camille Salinesi &#8211; CRI, Universit\u00e9 de Paris1 Panth\u00e9on-Sorbonne (France)<\/p><p style=\"font-weight: 400;\">Holger Schwarz &#8211; University of Stuttugart (Germany)<\/p><p style=\"font-weight: 400;\">Arik Senderovich &#8211; York University (Canada)<\/p><p style=\"font-weight: 400;\">Minseok Song &#8211; POSTECH (Pohang University of Science and Technology) (South Korea)<\/p><p style=\"font-weight: 400;\">Sagar Sunkle &#8211; Tata Consultancy Service (India)<\/p><p style=\"font-weight: 400;\">Ernest Teniente &#8211; UPC (Spain)<\/p><p style=\"font-weight: 400;\">Bernhard Thalheim &#8211; University of Kiel (Germany)<\/p><p style=\"font-weight: 400;\">Han van der Aa &#8211; University of Vienna (Austria)<\/p><p style=\"font-weight: 400;\">Dimitri Van Landuyt &#8211; Katholieke Universiteit Leuven (Belgium)<\/p><p style=\"font-weight: 400;\">Charlotte Verbruggen &#8211; Technical University of Wien (Austria)<\/p><p>Monica Vitali &#8211; Politecnico di Milano (Italy)<\/p><p style=\"font-weight: 400;\">Tony Wasserman &#8211;\u00a0 (USA)<\/p><p style=\"font-weight: 400;\">Isabelle Wattiau &#8211; Essec Business School (France)<\/p><p style=\"font-weight: 400;\">Yves Wautelet &#8211; Katholieke Universiteit Leuven (Belgium)<\/p><p style=\"font-weight: 400;\">Ingo Weber &#8211; TU Munich(Germany)<\/p><p style=\"font-weight: 400;\">Matthias Weidlich &#8211; Humboldt-Universit\u00e4t zu Berlin (Germany)<\/p><p style=\"font-weight: 400;\">Hans Weigand &#8211; Tilburg University (The Netherlands)<\/p><p style=\"font-weight: 400;\">Sebastian Werner &#8211; Technical University of Berlin (Germany)<\/p><p style=\"font-weight: 400;\">Manuel Wimmer &#8211; Johannes Kepler University Linz (Austria)<\/p><p style=\"font-weight: 400;\">Veruska Zamborlini &#8211; Federal University of Espirito Santo (Brasil)<\/p>\t\t\t\t\t\t\t\t<\/div>\n\t\t\t\t<\/div>\n\t\t\t\t\t<\/div>\n\t\t\t\t<\/div>\n\t\t<div class=\"elementor-element elementor-element-626fc55 e-flex e-con-boxed e-con e-parent\" data-id=\"626fc55\" data-element_type=\"container\" data-e-type=\"container\">\n\t\t\t\t\t<div class=\"e-con-inner\">\n\t\t\t\t<div class=\"elementor-element elementor-element-98f962c elementor-widget elementor-widget-spacer\" data-id=\"98f962c\" data-element_type=\"widget\" data-e-type=\"widget\" data-widget_type=\"spacer.default\">\n\t\t\t\t<div class=\"elementor-widget-container\">\n\t\t\t\t\t\t\t<div class=\"elementor-spacer\">\n\t\t\t<div class=\"elementor-spacer-inner\"><\/div>\n\t\t<\/div>\n\t\t\t\t\t\t<\/div>\n\t\t\t\t<\/div>\n\t\t\t\t\t<\/div>\n\t\t\t\t<\/div>\n\t\t<div class=\"elementor-element elementor-element-18e5b68 e-flex e-con-boxed e-con e-parent\" data-id=\"18e5b68\" data-element_type=\"container\" data-e-type=\"container\">\n\t\t\t\t\t<div class=\"e-con-inner\">\n\t\t\t\t\t<\/div>\n\t\t\t\t<\/div>\n\t\t\t\t<\/div>\n\t\t","protected":false},"excerpt":{"rendered":"<p>Program Committees Program Chairs Lidia Fuentes &#8211; University of M\u00e1laga Spain Pierluigi Plebani &#8211; Politecnico di Milano (Italy) Program Board members Jo\u00e3o Paulo Almeida &#8211; Federal University of Esp\u00edrito Santo (Brasil) Johann Eder &#8211; Alpen Adria Universit\u00e4t Klagenfurt (Austria) Xavier Franch &#8211; Universitat Polit\u00e8cnica de Catalunya (Spain) Giancarlo Guizzardi &#8211; University of Twente, The Netherlands [&hellip;]<\/p>\n","protected":false},"author":3,"featured_media":0,"parent":0,"menu_order":0,"comment_status":"closed","ping_status":"closed","template":"","meta":{"footnotes":""},"class_list":["post-796","page","type-page","status-publish","hentry"],"_links":{"self":[{"href":"https:\/\/caise26.polimi.it\/index.php?rest_route=\/wp\/v2\/pages\/796","targetHints":{"allow":["GET"]}}],"collection":[{"href":"https:\/\/caise26.polimi.it\/index.php?rest_route=\/wp\/v2\/pages"}],"about":[{"href":"https:\/\/caise26.polimi.it\/index.php?rest_route=\/wp\/v2\/types\/page"}],"author":[{"embeddable":true,"href":"https:\/\/caise26.polimi.it\/index.php?rest_route=\/wp\/v2\/users\/3"}],"replies":[{"embeddable":true,"href":"https:\/\/caise26.polimi.it\/index.php?rest_route=%2Fwp%2Fv2%2Fcomments&post=796"}],"version-history":[{"count":15,"href":"https:\/\/caise26.polimi.it\/index.php?rest_route=\/wp\/v2\/pages\/796\/revisions"}],"predecessor-version":[{"id":834,"href":"https:\/\/caise26.polimi.it\/index.php?rest_route=\/wp\/v2\/pages\/796\/revisions\/834"}],"wp:attachment":[{"href":"https:\/\/caise26.polimi.it\/index.php?rest_route=%2Fwp%2Fv2%2Fmedia&parent=796"}],"curies":[{"name":"wp","href":"https:\/\/api.w.org\/{rel}","templated":true}]}}