{"id":948,"date":"2026-04-17T13:11:47","date_gmt":"2026-04-17T13:11:47","guid":{"rendered":"https:\/\/caise26.polimi.it\/?page_id=948"},"modified":"2026-04-24T13:44:13","modified_gmt":"2026-04-24T13:44:13","slug":"accepted-papers","status":"publish","type":"page","link":"https:\/\/caise26.polimi.it\/?page_id=948","title":{"rendered":"Accepted Papers"},"content":{"rendered":"<p><img fetchpriority=\"high\" decoding=\"async\" width=\"2558\" height=\"400\" src=\"http:\/\/caise26.polimi.it\/wp-content\/uploads\/2025\/10\/Unknown-2.jpg\" alt=\"\" srcset=\"https:\/\/caise26.polimi.it\/wp-content\/uploads\/2025\/10\/Unknown-2.jpg 2558w, https:\/\/caise26.polimi.it\/wp-content\/uploads\/2025\/10\/Unknown-2-300x47.jpg 300w, https:\/\/caise26.polimi.it\/wp-content\/uploads\/2025\/10\/Unknown-2-1024x160.jpg 1024w, https:\/\/caise26.polimi.it\/wp-content\/uploads\/2025\/10\/Unknown-2-768x120.jpg 768w, https:\/\/caise26.polimi.it\/wp-content\/uploads\/2025\/10\/Unknown-2-1536x240.jpg 1536w, https:\/\/caise26.polimi.it\/wp-content\/uploads\/2025\/10\/Unknown-2-2048x320.jpg 2048w\" sizes=\"(max-width: 2558px) 100vw, 2558px\" \/>\t\t\t\t\t\t\t\t\t\t\t\t\t\t\t<\/p>\n<h2><strong>Accepted Papers<\/strong><\/h2>\n<h2>Main conference<\/h2>\n<h4>Enterprise Intelligence, Complexity, and Decision Support<\/h4>\n<ul>\n<li>M. Schnellmann, H. A. Proper, <i>From Gut Feeling to Data-Driven Decisions: Exploring Digital Twin supported Decision-Making for Real Estate Management<\/i><\/li>\n<li>J. L. R. Moreira, E. Stoica, J. P. S. Piest, F. Bukhsh, W. Levelt, <i>A Measurement Method for Quantifying Application Landscape Complexity with Enterprise Architecture<\/i><\/li>\n<li>F. J. Cavero, A. Garc\u00eda-Fern\u00e1ndez, J. A. Parejo, M. Resinas, A. Ruiz-Cort\u00e9s, <i>Pricing Intelligence: Rethinking IS Engineering in Volatile SaaS Environments<\/i><\/li>\n<\/ul>\n<h4>Forecasting, Drift, and Prescriptive Process Analytics<\/h4>\n<ul>\n<li>B. R. A. Zuniga, A. Yeshchenko, H. van der Aa, <i>Version Clustering: A Top-Down Approach for Process Concept Drift Detection<\/i><\/li>\n<li>Y. Yu, J. Peeperkorn, J. De Smedt, J. De Weerdt, <i>Time Series Foundation Models for Process Model Forecasting<\/i><\/li>\n<li>N.-D. Le, A. Buliga, M. Ronzani, A. Padella, M. de Leoni, <i>Balancing KPIs through Multi-Objective Prescriptive Process Analytics<\/i><\/li>\n<\/ul>\n<h4>Conceptual Modeling, Ontologies, and Value<\/h4>\n<ul>\n<li>I. Valle, T. P. Sales, E. Guerra, L. O. B. da Silva Santos, H. Proper, G. Guizzardi, <i>Modeling Value Canvas: A tool to rationalize the value of domain modeling<\/i><\/li>\n<li>W. Morlidge, E. Watkiss-Leek, G. Hannah, H. Rostron, A. Ng, E. Johnson, A. Mitchell, T. R. Payne, V. Tamma, J. de Berardinis, <i>The AnIML Ontology: Enabling Semantic Interoperability for Large-Scale Experimental Data in Interconnected Scientific Labs<\/i><\/li>\n<li>Y. Wuwang, N. Kannengie\u00dfer, T. Dehling, B. Sturm, A. Sunyaev, <i>Decentralization drivers for purposeful decentralization of distributed ledger technology systems<\/i><\/li>\n<\/ul>\n<h4>Enriching Process Mining with Context and Sustainability<\/h4>\n<ul>\n<li>A. Moradbeikie, I. M. Grigore, S. I. Lopes, S. Barbon Junior, <i>Sensor2EventLog: Bridging Continuous IoT Data and Process Mining through Eventization<\/i><\/li>\n<li>A. Swevels, F. Zerbato, D. Fahland, <i>Process Mining in Context: Extending Domain Data Models for Iterative Analysis<\/i><\/li>\n<li>N. Wolf, H. Wittges, S. Rinderle-Ma, <i>SuXXES: Integrating Sustainability Data into Process Event Logs<\/i><\/li>\n<\/ul>\n<h4>Human-in-the-Loop Engineering and Development Practices<\/h4>\n<ul>\n<li>C. Sancricca, C. Cesana, E. Gallo, A. Gottardi, C. Cappiello, <i>How Poor Data Quality Weakens the Performance of Question\u2013Answering Systems<\/i><\/li>\n<li>S. Surana, A. Srinivasan, M. Bain, <i>Engineering Systems for Data Analysis Using Interactive Structured Inductive Programming<\/i><\/li>\n<li>D. Ly, F. B. Aydemir, F. Dalpiaz, <i>From Concept to Action: How Do Agile Software Teams Decompose User Stories into Tasks?<\/i><\/li>\n<\/ul>\n<h4>Process Discovery and Analysis<\/h4>\n<ul>\n<li>P. Schalk, A. Polyvyanyy, <i>Mind the Gap: On Formal Relationships Between Log Complexity and the Complexity of Discovered Models<\/i><\/li>\n<li>T.-H. Huang, L. Jansen, M. Pegoraro, G. Park, W. van der Aalst, <i>Flexible and Hierarchical Decomposition of Workflow Nets for Process Analysis<\/i><\/li>\n<li>A. Karunaratne, A. Polyvyanyy, A. Moffat, <i>Conditioning and Stability in Process Discovery<\/i><\/li>\n<\/ul>\n<h4>Engineering AI Systems across Cloud, Edge, and Cyber-Physical Environments<\/h4>\n<ul>\n<li>A. Puglisi, F. Monti, F. Leotta, C. Napoli, M. Mecella, <i>SlimAI4Edge: A cloud-edge framework for downsizing AI models as-a-service<\/i><\/li>\n<li>D. Zyberaj, L. Mazur, P. Hirmer, N. Petrovic, M. Aiello, <i>Req2Road: A GenAI Pipeline for SDV Test Artifact Generation and On-Vehicle Execution<\/i><\/li>\n<li>A. Hassan, M. S. Saeed, B. Senouci, B. Benatallah, <i>Domain-Specific Fine-Tuning of Large Language Models for HW\/SW Interface Generation: An Empirical Study<\/i><\/li>\n<li>H. Stein, S. Janzen, C. K. Agnes, D. T. Ninh, W. Maass, <i>Towards Decision Support Systems for Cost-effective and Energy-efficient AI Operations in Data Centers<\/i><\/li>\n<\/ul>\n<h4>LLM-Driven Modeling and Human\u2013AI Collaboration<\/h4>\n<ul>\n<li>I. Reinhartz-Berger, A. Tsoury, <i>Iterative vs. Plan-Driven Approaches in LLM-Assisted Modeling: An Empirical Study<\/i><\/li>\n<li>J. Zdravkovic, J. Stirna, C. H. Tsai, K. Sandkuhl, <i>An AI Enterprise Modeling Project Assistant \u2013 Needs and Possibilities<\/i><\/li>\n<li>S. J. Ali, Z. Zheng, D. Bork, <i>Shortcut or Understanding? Diagnosing LLM Type Prediction in Conceptual Models<\/i><\/li>\n<li>Y. J. Chung, K. Bae, E. Yu, <i>Modeling and Analyzing Identity-Sensitive Requirements in Human-AI Collaboration<\/i><\/li>\n<\/ul>\n<h4>Agent-Based and Multi-Stakeholder Process Interaction<\/h4>\n<ul>\n<li>A. Ghasemi, L. Kulms, T. Lichtenstein, M. Weske, <i>Agent-Based Simulation of Flexible Process Interactions<\/i><\/li>\n<li>Q. Shen, A. Polyvyanyy, N. Lipovetzky, T. Kampik, <i>Mining Agent Roles from Event Data for Effective Process Simulation<\/i><\/li>\n<li>V. Pant, E. Yu, <i>Computational Foundations for Strategic Coopetition: Bridging Conceptual Modeling and Game Theory in Multi-Stakeholder Information Systems<\/i><\/li>\n<\/ul>\n<h4>LLMs and AI for Process Understanding<\/h4>\n<ul>\n<li>T. Sulzer, H. Voelzer, B. Weber, <i>Evaluation of an Architecture for an LLM-based Analytics System for Exploratory Process Mining<\/i><\/li>\n<li>J. Neuberger, H. van der Aa, H. Lopez, I. Khrop, <i>Enabling Small Language Models for Text-to-Process Extraction: Balancing Accuracy and Efficiency through Distant Supervision<\/i><\/li>\n<li>W. Zhang, K. Andree, A. Kalenkova, L. Pufahl, L. Mitchell, <i>Explaining ML-Based Decision Models Through Process Mining Techniques<\/i><\/li>\n<\/ul>\n<h4>Predictive and Neuro-Symbolic Process Analytics<\/h4>\n<ul>\n<li>H. Mustroph, M. Kunkler, S. Rinderle-Ma, <i>Predicting Conformance Deviations and Their Positions in Future Event Sequences<\/i><\/li>\n<li>J. Wang, K. Chen, C. Hou, T. Li, L. Lin, B. Cao, J. Fan, <i>A Heterogeneous Hypergraph-Transformer Hybrid Architecture for Business Process Next-Activity Prediction<\/i><\/li>\n<li>F. De Santis, G. Park, W. M. P. van der Aalst, F. Zanichelli, <i>Compliance-Aware Predictive Process Monitoring: A Neuro-Symbolic Approach<\/i><\/li>\n<li>D. Gaikwad, G. Park, W. van der Aalst, <i>Neuro-Symbolic Process Anomaly Detection<\/i><\/li>\n<\/ul>\n<h4>Responsible, Fair, and Human-Centered AI<\/h4>\n<ul>\n<li>L. Djennane, Z. Kardkovacs, B. Benatallah, Y. Gaci, Z. Farah, <i>Proxy Analysis in Bias Testing<\/i><\/li>\n<li>O. Diaz, X. Garmendia, R. Medeiros, <i>STAR: A Socio-Technical Readiness Model for Assessing Task Readiness for AI Augmentation<\/i><\/li>\n<li>M. Fumagalli, S. M. Nicoletti, D. Calvanese, G. Guizzardi, <i>News-Informed Probabilistic Models for AI Risk Analysis<\/i><\/li>\n<li>M. Peixoto, F. Bai\u00e3o, R. Guizzardi, G. Guizzardi, <i>Explaining and Mitigating Biased Decisions: An Ontological Approach<\/i><\/li>\n<\/ul>\n<h4>Object-Centric Process Mining and Conformance<\/h4>\n<ul>\n<li>L. Liss, W. van der Aalst, <i>Object-Centric Conformance Checking on Object-Centric Causal Nets<\/i><\/li>\n<li>H. Hooshyar, M. Fumagalli, M. Montali, G. Guizzardi, <i>Time and Relations into Focus: Ontological Foundations of Object-Centric Event Data<\/i><\/li>\n<li>M. Basmer, R.-D. Falcusan, M. Montali, M. Weidlich, <i>Porifera: A Relational Approach to Conformance Checking for Object-Centric Behavioral Constraints<\/i><\/li>\n<\/ul>\n<h4>Process Mining Data Quality and Repair<\/h4>\n<ul>\n<li>S. Kalukapuge, A. Janusz, M. T. Wynn, <i>DupliMend: Online Detection and Refinement of Imprecise Activity Labels<\/i><\/li>\n<li>M. Comuzzi, S. Ra, D. Narmatova, S. Cho, Y. Hong, S. Jung, <i>Towards Agentic AI for Event Log Quality Assessment<\/i><\/li>\n<li>S. Dissegna, C. Di Francescomarino, M. Ronzani, <i>Graph-based Event Log Repair<\/i><\/li>\n<\/ul>\n<h2>Forum and demo track<\/h2>\n<h4>Vision papers<\/h4>\n<ul>\n<li>S. Hacks, <i>Train While You Fight &#8211; Technical Requirements for Advanced Distributed Learning Platforms<\/i><\/li>\n<li>J. Akoka, I. Comyn-Wattiau, C. Du Mouza, <i>Automated Extraction of Conceptual Representations from Research Articles Using Large Language Models<\/i><\/li>\n<li>V. G. dos Santos, B. Benatallah, S. T. MacMahon, <i>Constraint-Aware Pipeline for Generating High-Quality Utterances from OpenAPI Specifications using LLMs<\/i><\/li>\n<li>R. Grati, N. Fattouch, K. Boukadi, F. De Luzi, M. Mecella, A. Saffeh, <i>A case study of eXplainable AI in smart agriculture. Lessons learned for information systems engineers<\/i><\/li>\n<li>K. Saxena, B. Sarmah, S. Pasquali, <i>ProvenanceTrace: Atomic Claim Verification Across Financial and Open-Domain AI Systems<\/i><\/li>\n<li>D. Xhani, J. L. R. Moreira, M. van Sinderen, L. F. Pires, G. Guizzardi, M. Machado, <i>Towards a FAIR Data Management Framework for Ontology-Driven Explainable Machine Learning<\/i><\/li>\n<li>C. Capit\u00e1n-Agudo, C. Di Ciccio, C. Cabanillas, M. Resinas, <i>Towards Explaining Process Variants With Examples<\/i><\/li>\n<li>A. Bagozi, D. Bianchini, M. Garda, M. Melchiori, A. Rula, <i>OntoLLM: A Framework for Trustworthy LLM Pipelines<\/i><\/li>\n<li>J. C. Orth, A. Palma, M. Angelini, <i>Towards Human-AI Collaborative Cybersecurity Compliance Assessment<\/i><\/li>\n<li>M. Wang, K. Winter, Q.-V. Dang, R. Dijkman, <i>Detecting and Explaining Temporal Behavioral Deviations in Business Process Simulation Models<\/i><\/li>\n<li>F. Zampino, L. Genga, A. Longo, M. S. Zappatore, R. Dijkman, <i>A Method for Process Model Matching with LLMs<\/i><\/li>\n<li>H. H. Beyel, M. Prokop, J. Kretinsky, G. De Giacomo, W. M. P. van der Aalst, <i>Capturing Processes in Probabilistic Timed Automata<\/i><\/li>\n<li>A. Gianola, Z. Hameed, M. Montali, A. Seidel, M. Weske, S. Winkler, <i>Detecting Dynamic Relationships in Object-Centric Event Logs<\/i><\/li>\n<li>F. Scafoglieri, M. Papandrea, T. Leidi, <i>Towards Ontology-Guided Data Augmentation: The Case of Entity Resolution<\/i><\/li>\n<li>A. Rozenberga, M. Kirikova, J. Stirna, <i>Designing a Configurable Requirements Engineering Tool for Teaching<\/i><\/li>\n<li>A. Casciani, A. Giovannetti, S. Macagnano, A. Marrella, M. L. Bernardi, M. Cimitile, F. M. Maggi, <i>Predictive Process Monitoring via Automated Planning<\/i><\/li>\n<\/ul>\n<h4>Tool papers<\/h4>\n<ul>\n<li>S. Ahrari, A. Bernasconi, F. Invernici, A. Colombo, <i>MLegis: Demonstrating a Property Graph-Based Information System for Legislative Analytics<\/i><\/li>\n<li>V. Diemieniev, J. Saathoff, M. Schlegelmilch, P. Zaniewski, T.-H. Huang, G. Park, <i>Performance Spectrum Patterns Miner<\/i><\/li>\n<li>C. G. Moyano, F. Six, J. Mendling, <i>PMDAgile: A Process-Model-Driven Tool for Agile Software Development<\/i><\/li>\n<li>A. Bagozi, D. Bianchini, V. De Antonellis, M. Garda, M. Melchiori, A. Rula, <i>D3SD: A Web-based Tool for Data Service Design in Cyber-Physical Production Networks<\/i><\/li>\n<li>L. Bein, L. Pufahl, <i>KARIBDIS &#8211; A Knowledge-graph-based Business Process Management System for Semantically Explainable Process Execution Support<\/i><\/li>\n<li>A. Casciani, F. Italia, L. Lestingi, M. Marinacci, A. Marrella, A. Matta, <i>FIDES: A Neuro-Symbolic Conversational Tool for Faithful Production Process Intelligence<\/i><\/li>\n<li>M. Kryston, E. Marangone, A. Marcelletti, C. Di Ciccio, <i>CONFETTY: A Tool for Enforcement and Data Confidentiality on Blockchain-Based Processes<\/i><\/li>\n<\/ul>\n<h2>Doctoral consortium<\/h2>\n<h4>Process Mining: Supporting Analysis and Use in Practice<\/h4>\n<ul>\n<li>Z. Ahmadi, <i>Interactive Context-Aware Navigation of Process Models<\/i><\/li>\n<li>A. Claude, <i>Scaffolding Hypothesis Testing in Process Mining through AI-Mediated Analytical Role Simulation<\/i><\/li>\n<li>A. Sekulovska, <i>The impact of process mining archetypes on business process performance<\/i><\/li>\n<\/ul>\n<h4>Requirements Engineering<\/h4>\n<ul>\n<li>F. Hollauf, <i>Engineering Temporal Requirements<\/i><\/li>\n<li>J. Kollmorgen, <i>Beyond the User\u2013Product Relationship: Extending the Scope of UX Evaluation<\/i><\/li>\n<li>A. Slupczynski, <i>A Modernization Decision Framework for Legacy Information Systems<\/i><\/li>\n<\/ul>\n<h4>Data Foundation for Information System Engineering<\/h4>\n<ul>\n<li>H. Hooshyar, <i>Object-Centric Event Data: Conceptualization, Extraction and Querying<\/i><\/li>\n<li>V. Chan, <i>Integrating Geospatial Data into Business Process Management<\/i><\/li>\n<\/ul>\n<h2>Tutorials<\/h2>\n<ul>\n<li>M. Vitali, S. Werner, <i>Evaluating the Sustainability of Information Systems<\/i><\/li>\n<li>A. Casciani, L. Lestingi, A. Marrella, A. Matta, <i>Developing Neuro-Symbolic Conversational Systems for Reliable Multi-Perspective Production Process Intelligence<\/i><\/li>\n<li>I. Donadello, F. M. Maggi, J. Oukharijane, <i>Declarative Process Mining for Adaptive Information Systems: the Declare4Py Python library<\/i><\/li>\n<\/ul>\n<h2>Journal first track<\/h2>\n<ul>\n<li>J. Peeperkorn, J. De Smedt, J. De Weerdt, <i>Model-driven stochastic trace clustering<\/i><\/li>\n<li>A. Karunaratne, A. Polyvyanyy, A. Moffat, <i>The Effects of Log Noise in Process Mining<\/i><\/li>\n<li>S. Brinkkemper, S. Molenaar, F. Dalpiaz, <i>Concept Definition Review: A Method for Studying Terminology in Software Engineering<\/i><\/li>\n<li>A. Bagozi, D. Bianchini, M. Garda, M. Melchiori, A. Rula, <i>A multi-layered data service model for Cyber-Physical Production Networks<\/i><\/li>\n<li>A. Bagozi, D. Bianchini, M. Garda, M. Melchiori, A. Rula, <i>Ontology-enhanced RAG for a personalised and sustainable food advisory system<\/i><\/li>\n<li>F. Corradini, A. Marcelletti, A. Morichetta, B. Re, L. Verducci, <i>A Mapping Methodology Enabling Object-Centric Process Mining on Blockchain Applications<\/i><\/li>\n<li>F. Corradini, A. Galassi, A. Marcelletti, B. Re, <i>CoBlock: a Domain-Specific Language for Compliance Checking on Smart Contract Execution Data<\/i><\/li>\n<li>R. Eshuis, A. Ghose, <i>Synthesizing goal models from declarative data-centric process models<\/i><\/li>\n<li>A. Andreou, M. Bernabei, A. Christoforou, S. Colabianchi, F. Costantino, F. Leotta, J. G. Mathew, M. Mecella, F. Monti, <i>Assessing smart manufacturing by combining IT systems and enabling technologies in a fuzzy cognitive maturity model<\/i><\/li>\n<li>F. Bianchini, A. M. Braccini, F. De Luzi, M. Macr\u00ec, M. Mecella, <i>Exploring AI Chatbot Adoption for Knowledge Workers: A Unified Theory of Acceptance and Use of Technology Extension<\/i><\/li>\n<li>M. Barrientos, K. Winter, S. Rinderle-Ma, <i>Impact analysis of regulatory requirement changes on business process compliance<\/i><\/li>\n<li>Q. Shen, A. Polyvyanyy, N. Lipovetzky, T. Kampik, <i>Applying organizational mining to discover agent systems from event data<\/i><\/li>\n<li>A. Buliga, C. Di Francescomarino, C. Ghidini, I. Donadello, F. M. Maggi, <i>Guiding the generation of counterfactual explanations through temporal background knowledge for predictive process monitoring<\/i><\/li>\n<li>B. Pernici, C. Cappiello, C. A. Bono, C. Sancricca, T. Catarci, M. Angelini, M. Filosa, M. Palmonari, F. De Paoli, S. Bergamaschi, G. Simonini, A. Mozzillo, L. Zecchini, <i>Sustainable quality in data preparation<\/i><\/li>\n<\/ul>\n<h2>Research Project Exhibition Track<\/h2>\n<p>list available soon<\/p>\n","protected":false},"excerpt":{"rendered":"<p>Accepted Papers Main conference Enterprise Intelligence, Complexity, and Decision Support M. Schnellmann, H. A. Proper, From Gut Feeling to Data-Driven Decisions: Exploring Digital Twin supported Decision-Making for Real Estate Management J. L. R. Moreira, E. Stoica, J. P. S. Piest, F. Bukhsh, W. Levelt, A Measurement Method for Quantifying Application Landscape Complexity with Enterprise Architecture [&hellip;]<\/p>\n","protected":false},"author":3,"featured_media":0,"parent":0,"menu_order":0,"comment_status":"closed","ping_status":"closed","template":"","meta":{"footnotes":""},"class_list":["post-948","page","type-page","status-publish","hentry"],"_links":{"self":[{"href":"https:\/\/caise26.polimi.it\/index.php?rest_route=\/wp\/v2\/pages\/948","targetHints":{"allow":["GET"]}}],"collection":[{"href":"https:\/\/caise26.polimi.it\/index.php?rest_route=\/wp\/v2\/pages"}],"about":[{"href":"https:\/\/caise26.polimi.it\/index.php?rest_route=\/wp\/v2\/types\/page"}],"author":[{"embeddable":true,"href":"https:\/\/caise26.polimi.it\/index.php?rest_route=\/wp\/v2\/users\/3"}],"replies":[{"embeddable":true,"href":"https:\/\/caise26.polimi.it\/index.php?rest_route=%2Fwp%2Fv2%2Fcomments&post=948"}],"version-history":[{"count":30,"href":"https:\/\/caise26.polimi.it\/index.php?rest_route=\/wp\/v2\/pages\/948\/revisions"}],"predecessor-version":[{"id":995,"href":"https:\/\/caise26.polimi.it\/index.php?rest_route=\/wp\/v2\/pages\/948\/revisions\/995"}],"wp:attachment":[{"href":"https:\/\/caise26.polimi.it\/index.php?rest_route=%2Fwp%2Fv2%2Fmedia&parent=948"}],"curies":[{"name":"wp","href":"https:\/\/api.w.org\/{rel}","templated":true}]}}